{"id":62,"date":"2018-10-31T00:26:03","date_gmt":"2018-10-30T23:26:03","guid":{"rendered":"http:\/\/metis.red\/?page_id=62"},"modified":"2019-01-17T19:35:03","modified_gmt":"2019-01-17T18:35:03","slug":"prestations","status":"publish","type":"page","link":"https:\/\/metis.red\/?page_id=62","title":{"rendered":"Prestations et Services"},"content":{"rendered":"\n<p>Liste non exhaustive du panel de comp\u00e9tences mises \u00e0 disposition des particuliers, des entreprises et des collectivit\u00e9s. Pour un accompagnement \u00e0 la mesure de chacun.<\/p>\n\n\n\n<ul><li>Ordinateur fixe ou portable, t\u00e9l\u00e9phone mobile et tablette, t\u00e9l\u00e9phonie, internet<br><\/li><li>Poste de travail<\/li><li>Serveurs<\/li><li>R\u00e9seau<\/li><li>Monitoring &amp; gestion de parc<\/li><li>Maintenance et assistance<\/li><li>Virtualisation (hyperviseur, orchestrateur, &#8230;)<\/li><li>Conseil en s\u00e9curit\u00e9<\/li><li>Acc\u00e8s distant<\/li><li>Solution de sauvegarde et d&rsquo;archivage<\/li><li>Messagerie professionnelle<\/li><li>Reprise de projet SI<\/li><li>Services t\u00e9l\u00e9coms \u00e0 la carte<\/li><li>Conseils sur tous les sujets du moment WEB, IOT, CRYPTO, &#8230;<\/li><li>Accompagnement sur les devs sp\u00e9cifiques<\/li><li>Solution Syst\u00e8mes et Logiciel<\/li><\/ul>\n","protected":false},"excerpt":{"rendered":"<p>Liste non exhaustive du panel de comp\u00e9tences mises \u00e0 disposition des particuliers, des entreprises et des collectivit\u00e9s. Pour un accompagnement \u00e0 la mesure de chacun. Ordinateur fixe ou portable, t\u00e9l\u00e9phone mobile et tablette, t\u00e9l\u00e9phonie, internet Poste de travail Serveurs R\u00e9seau Monitoring &amp; gestion de parc Maintenance et assistance Virtualisation (hyperviseur, orchestrateur, &#8230;) Conseil en s\u00e9curit\u00e9 <a href=\"https:\/\/metis.red\/?page_id=62\" rel=\"nofollow\"><span class=\"sr-only\">En savoir plus surPrestations et Services<\/span>[&hellip;]<\/a><\/p>\n","protected":false},"author":1,"featured_media":0,"parent":0,"menu_order":0,"comment_status":"closed","ping_status":"closed","template":"","meta":[],"_links":{"self":[{"href":"https:\/\/metis.red\/index.php?rest_route=\/wp\/v2\/pages\/62"}],"collection":[{"href":"https:\/\/metis.red\/index.php?rest_route=\/wp\/v2\/pages"}],"about":[{"href":"https:\/\/metis.red\/index.php?rest_route=\/wp\/v2\/types\/page"}],"author":[{"embeddable":true,"href":"https:\/\/metis.red\/index.php?rest_route=\/wp\/v2\/users\/1"}],"replies":[{"embeddable":true,"href":"https:\/\/metis.red\/index.php?rest_route=%2Fwp%2Fv2%2Fcomments&post=62"}],"version-history":[{"count":7,"href":"https:\/\/metis.red\/index.php?rest_route=\/wp\/v2\/pages\/62\/revisions"}],"predecessor-version":[{"id":299,"href":"https:\/\/metis.red\/index.php?rest_route=\/wp\/v2\/pages\/62\/revisions\/299"}],"wp:attachment":[{"href":"https:\/\/metis.red\/index.php?rest_route=%2Fwp%2Fv2%2Fmedia&parent=62"}],"curies":[{"name":"wp","href":"https:\/\/api.w.org\/{rel}","templated":true}]}}