{"id":300,"date":"2019-01-17T19:37:38","date_gmt":"2019-01-17T18:37:38","guid":{"rendered":"https:\/\/metis.red\/?page_id=300"},"modified":"2019-02-02T20:56:12","modified_gmt":"2019-02-02T19:56:12","slug":"solution-video-surveillance","status":"publish","type":"page","link":"https:\/\/metis.red\/?page_id=300","title":{"rendered":"Solution de Vid\u00e9o Surveillance"},"content":{"rendered":"\n<p>Que vous soyez un particulier ou une entreprise, et que vous avez le besoin de s\u00e9curis\u00e9 des espaces priv\u00e9s. MPS se mettra \u00e0 la hauteur de votre situation pour vous fournir une solution enti\u00e8rement adapt\u00e9e \u00e0 vos besoin en vous apportant le conseil, mat\u00e9riel et outil \u00e0 votre port\u00e9.<\/p>\n\n\n\n<div class=\"wp-block-image\"><figure class=\"aligncenter is-resized\"><img loading=\"lazy\" src=\"https:\/\/metis.red\/wp-content\/uploads\/2019\/02\/videosurv02.jpg\" alt=\"\" class=\"wp-image-376\" width=\"281\" height=\"252\" srcset=\"https:\/\/metis.red\/wp-content\/uploads\/2019\/02\/videosurv02.jpg 500w, https:\/\/metis.red\/wp-content\/uploads\/2019\/02\/videosurv02-300x269.jpg 300w\" sizes=\"(max-width: 281px) 100vw, 281px\" \/><\/figure><\/div>\n","protected":false},"excerpt":{"rendered":"<p>Que vous soyez un particulier ou une entreprise, et que vous avez le besoin de s\u00e9curis\u00e9 des espaces priv\u00e9s. MPS se mettra \u00e0 la hauteur de votre situation pour vous fournir une solution enti\u00e8rement adapt\u00e9e \u00e0 vos besoin en vous apportant le conseil, mat\u00e9riel et outil \u00e0 votre port\u00e9.<\/p>\n","protected":false},"author":1,"featured_media":0,"parent":0,"menu_order":0,"comment_status":"closed","ping_status":"closed","template":"","meta":[],"_links":{"self":[{"href":"https:\/\/metis.red\/index.php?rest_route=\/wp\/v2\/pages\/300"}],"collection":[{"href":"https:\/\/metis.red\/index.php?rest_route=\/wp\/v2\/pages"}],"about":[{"href":"https:\/\/metis.red\/index.php?rest_route=\/wp\/v2\/types\/page"}],"author":[{"embeddable":true,"href":"https:\/\/metis.red\/index.php?rest_route=\/wp\/v2\/users\/1"}],"replies":[{"embeddable":true,"href":"https:\/\/metis.red\/index.php?rest_route=%2Fwp%2Fv2%2Fcomments&post=300"}],"version-history":[{"count":9,"href":"https:\/\/metis.red\/index.php?rest_route=\/wp\/v2\/pages\/300\/revisions"}],"predecessor-version":[{"id":397,"href":"https:\/\/metis.red\/index.php?rest_route=\/wp\/v2\/pages\/300\/revisions\/397"}],"wp:attachment":[{"href":"https:\/\/metis.red\/index.php?rest_route=%2Fwp%2Fv2%2Fmedia&parent=300"}],"curies":[{"name":"wp","href":"https:\/\/api.w.org\/{rel}","templated":true}]}}