{"id":194,"date":"2019-01-09T18:07:39","date_gmt":"2019-01-09T17:07:39","guid":{"rendered":"https:\/\/metis.red\/?page_id=194"},"modified":"2019-01-17T20:39:49","modified_gmt":"2019-01-17T19:39:49","slug":"solution-de-sauvegarde","status":"publish","type":"page","link":"https:\/\/metis.red\/?page_id=194","title":{"rendered":"Solution de sauvegarde"},"content":{"rendered":"\n<p>MPS met a votre disposition son savoir faire en vous proposant une m\u00e9thodologie de sauvegarde enti\u00e8rement adapt\u00e9e \u00e0 vos attentes en terme de fiabilit\u00e9 et de co\u00fbt.<\/p>\n\n\n\n<p>Il est important d&rsquo;avoir une solution de sauvegarde pour vos donn\u00e9es d&rsquo;entreprise. Permettant de r\u00e9cup\u00e9rer vos donn\u00e9es en cas de perte sur les \u00e9quipements de production. Et d&rsquo;avoir selon les besoins un historique des versions des donn\u00e9es de votre entreprise.<\/p>\n\n\n\n<p>MPS vous accompagnera pour trouver la solution qui r\u00e9pond a un fonctionnement continu de vos services.<br><\/p>\n\n\n\n<div class=\"wp-block-image\"><figure class=\"aligncenter is-resized\"><img loading=\"lazy\" src=\"https:\/\/metis.red\/wp-content\/uploads\/2019\/01\/solution-sauvegarde-01.jpg\" alt=\"\" class=\"wp-image-264\" width=\"480\" height=\"480\" srcset=\"https:\/\/metis.red\/wp-content\/uploads\/2019\/01\/solution-sauvegarde-01.jpg 359w, https:\/\/metis.red\/wp-content\/uploads\/2019\/01\/solution-sauvegarde-01-150x150.jpg 150w, https:\/\/metis.red\/wp-content\/uploads\/2019\/01\/solution-sauvegarde-01-300x300.jpg 300w, https:\/\/metis.red\/wp-content\/uploads\/2019\/01\/solution-sauvegarde-01-250x250.jpg 250w, https:\/\/metis.red\/wp-content\/uploads\/2019\/01\/solution-sauvegarde-01-174x174.jpg 174w\" sizes=\"(max-width: 480px) 100vw, 480px\" \/><\/figure><\/div>\n","protected":false},"excerpt":{"rendered":"<p>MPS met a votre disposition son savoir faire en vous proposant une m\u00e9thodologie de sauvegarde enti\u00e8rement adapt\u00e9e \u00e0 vos attentes en terme de fiabilit\u00e9 et de co\u00fbt. Il est important d&rsquo;avoir une solution de sauvegarde pour vos donn\u00e9es d&rsquo;entreprise. Permettant de r\u00e9cup\u00e9rer vos donn\u00e9es en cas de perte sur les \u00e9quipements de production. Et d&rsquo;avoir <a href=\"https:\/\/metis.red\/?page_id=194\" rel=\"nofollow\"><span class=\"sr-only\">En savoir plus surSolution de sauvegarde<\/span>[&hellip;]<\/a><\/p>\n","protected":false},"author":1,"featured_media":0,"parent":0,"menu_order":0,"comment_status":"closed","ping_status":"closed","template":"","meta":[],"_links":{"self":[{"href":"https:\/\/metis.red\/index.php?rest_route=\/wp\/v2\/pages\/194"}],"collection":[{"href":"https:\/\/metis.red\/index.php?rest_route=\/wp\/v2\/pages"}],"about":[{"href":"https:\/\/metis.red\/index.php?rest_route=\/wp\/v2\/types\/page"}],"author":[{"embeddable":true,"href":"https:\/\/metis.red\/index.php?rest_route=\/wp\/v2\/users\/1"}],"replies":[{"embeddable":true,"href":"https:\/\/metis.red\/index.php?rest_route=%2Fwp%2Fv2%2Fcomments&post=194"}],"version-history":[{"count":10,"href":"https:\/\/metis.red\/index.php?rest_route=\/wp\/v2\/pages\/194\/revisions"}],"predecessor-version":[{"id":338,"href":"https:\/\/metis.red\/index.php?rest_route=\/wp\/v2\/pages\/194\/revisions\/338"}],"wp:attachment":[{"href":"https:\/\/metis.red\/index.php?rest_route=%2Fwp%2Fv2%2Fmedia&parent=194"}],"curies":[{"name":"wp","href":"https:\/\/api.w.org\/{rel}","templated":true}]}}