{"id":183,"date":"2019-01-09T17:57:30","date_gmt":"2019-01-09T16:57:30","guid":{"rendered":"https:\/\/metis.red\/?page_id=183"},"modified":"2019-01-17T20:20:08","modified_gmt":"2019-01-17T19:20:08","slug":"infogerance","status":"publish","type":"page","link":"https:\/\/metis.red\/?page_id=183","title":{"rendered":"Infog\u00e9rance"},"content":{"rendered":"\n<p>Dotez vous d&rsquo;un service externalis\u00e9 d\u2019infog\u00e9rance qui prend en charge les maintenances, supports de votre informatique et infrastructure r\u00e9seau. Lib\u00e9rez vous d&rsquo;une charge qui n&rsquo;est pas votre c\u0153ur de m\u00e9tier, MPS s&rsquo;occupera de la supervision de votre r\u00e9seau et de son bon fonctionnement. Les d\u00e9faillances et autres indisponibilit\u00e9s ne feront plus partie de vos pr\u00e9occupations.<\/p>\n\n\n\n<div class=\"wp-block-image\"><figure class=\"aligncenter is-resized\"><img loading=\"lazy\" src=\"https:\/\/metis.red\/wp-content\/uploads\/2019\/01\/infogerance-02.jpg\" alt=\"\" class=\"wp-image-260\" width=\"332\" height=\"317\"\/><\/figure><\/div>\n\n\n\n<p><\/p>\n","protected":false},"excerpt":{"rendered":"<p>Dotez vous d&rsquo;un service externalis\u00e9 d\u2019infog\u00e9rance qui prend en charge les maintenances, supports de votre informatique et infrastructure r\u00e9seau. Lib\u00e9rez vous d&rsquo;une charge qui n&rsquo;est pas votre c\u0153ur de m\u00e9tier, MPS s&rsquo;occupera de la supervision de votre r\u00e9seau et de son bon fonctionnement. Les d\u00e9faillances et autres indisponibilit\u00e9s ne feront plus partie de vos pr\u00e9occupations.<\/p>\n","protected":false},"author":1,"featured_media":0,"parent":0,"menu_order":0,"comment_status":"closed","ping_status":"closed","template":"","meta":[],"_links":{"self":[{"href":"https:\/\/metis.red\/index.php?rest_route=\/wp\/v2\/pages\/183"}],"collection":[{"href":"https:\/\/metis.red\/index.php?rest_route=\/wp\/v2\/pages"}],"about":[{"href":"https:\/\/metis.red\/index.php?rest_route=\/wp\/v2\/types\/page"}],"author":[{"embeddable":true,"href":"https:\/\/metis.red\/index.php?rest_route=\/wp\/v2\/users\/1"}],"replies":[{"embeddable":true,"href":"https:\/\/metis.red\/index.php?rest_route=%2Fwp%2Fv2%2Fcomments&post=183"}],"version-history":[{"count":15,"href":"https:\/\/metis.red\/index.php?rest_route=\/wp\/v2\/pages\/183\/revisions"}],"predecessor-version":[{"id":328,"href":"https:\/\/metis.red\/index.php?rest_route=\/wp\/v2\/pages\/183\/revisions\/328"}],"wp:attachment":[{"href":"https:\/\/metis.red\/index.php?rest_route=%2Fwp%2Fv2%2Fmedia&parent=183"}],"curies":[{"name":"wp","href":"https:\/\/api.w.org\/{rel}","templated":true}]}}