{"id":146,"date":"2019-01-09T16:34:03","date_gmt":"2019-01-09T15:34:03","guid":{"rendered":"https:\/\/metis.red\/?page_id=146"},"modified":"2019-02-11T19:25:43","modified_gmt":"2019-02-11T18:25:43","slug":"tarifs","status":"publish","type":"page","link":"https:\/\/metis.red\/?page_id=146","title":{"rendered":"Tarifs"},"content":{"rendered":"\n<div style=\"height:100px\" aria-hidden=\"true\" class=\"wp-block-spacer\"><\/div>\n\n\n\n<hr class=\"wp-block-separator\"\/>\n\n\n\n<blockquote class=\"wp-block-quote\"><p>D\u00e9pannage<\/p><\/blockquote>\n\n\n\n<div style=\"height:40px\" aria-hidden=\"true\" class=\"wp-block-spacer\"><\/div>\n\n\n\n<div class=\"wp-block-image\"><figure class=\"aligncenter is-resized\"><img loading=\"lazy\" src=\"https:\/\/metis.red\/wp-content\/uploads\/2019\/01\/depannage-informatique.jpg\" alt=\"\" class=\"wp-image-237\" width=\"503\" height=\"332\" srcset=\"https:\/\/metis.red\/wp-content\/uploads\/2019\/01\/depannage-informatique.jpg 456w, https:\/\/metis.red\/wp-content\/uploads\/2019\/01\/depannage-informatique-300x199.jpg 300w\" sizes=\"(max-width: 503px) 100vw, 503px\" \/><\/figure><\/div>\n\n\n\n<table class=\"wp-block-table\"><tbody><tr><td><strong>Liste de prestations de  D\u00e9pannage non exhaustive<\/strong><\/td><td>Tarifs HT en \u20ac<\/td><\/tr><tr><td>MPS se d\u00e9place chez vous pour <strong>r\u00e9soudre tous vos probl\u00e8mes informatiques<\/strong> les plus courants. (d\u00e9pannage, r\u00e9paration, nettoyage de l\u2019ordinateur, installation de logiciels, remplacement (ou ajout) de disque dur (SSD), m\u00e9moire, carte graphique, carte m\u00e8re, processeur,  et bien plus&#8230;<\/td><td>60\u20ac\/H <br>(15\u20ac l&rsquo;heure suppl\u00e9mentaire)<\/td><\/tr><tr><td>MPS peut vous fournir un <strong>service de sauvegardes<\/strong> et\/ou mettre en place un syst\u00e8me de sauvegardes de vos donn\u00e9es (photos, vid\u00e9os, fichiers word, exel, base de donn\u00e9e ou  autre..). <\/td><td> \u00e0 partir de 40\u20ac <\/td><\/tr><tr><td>MPS se d\u00e9place pour <strong>supprimer les malware<\/strong> (logiciels malveillants ou maliciels), spyware (logiciels espions) et autres virus, mais aussi pour supprimer tous les ind\u00e9sirables pr\u00e9sents. <br><\/td><td>70\u20ac\/H<\/td><\/tr><tr><td>MPS vous aide \u00e0 <strong>prot\u00e9ger vos enfants<\/strong>, en vous installant et param\u00e9trant la solution fournie par votre op\u00e9rateur, ou avec une solution adapt\u00e9e \u00e0 votre situation. <\/td><td> \u00e0 partir de 40\u20ac <\/td><\/tr><tr><td>Pour toute autre prestation, merci de prendre contact pour l\u2019\u00e9valuation des travaux n\u00e9cessaires <\/td><td>Sur Devis<\/td><\/tr><\/tbody><\/table>\n\n\n\n<div style=\"height:100px\" aria-hidden=\"true\" class=\"wp-block-spacer\"><\/div>\n\n\n\n<hr class=\"wp-block-separator\"\/>\n\n\n\n<blockquote class=\"wp-block-quote\"><p>Installation Mat\u00e9riels &amp; Logiciels<\/p><\/blockquote>\n\n\n\n<div style=\"height:40px\" aria-hidden=\"true\" class=\"wp-block-spacer\"><\/div>\n\n\n\n<div class=\"wp-block-image\"><figure class=\"aligncenter is-resized\"><img loading=\"lazy\" src=\"https:\/\/metis.red\/wp-content\/uploads\/2018\/10\/keyboard-690066_1920-1-1024x680.jpg\" alt=\"\" class=\"wp-image-41\" width=\"503\" height=\"334\" srcset=\"https:\/\/metis.red\/wp-content\/uploads\/2018\/10\/keyboard-690066_1920-1-1024x680.jpg 1024w, https:\/\/metis.red\/wp-content\/uploads\/2018\/10\/keyboard-690066_1920-1-300x199.jpg 300w, https:\/\/metis.red\/wp-content\/uploads\/2018\/10\/keyboard-690066_1920-1-768x510.jpg 768w, https:\/\/metis.red\/wp-content\/uploads\/2018\/10\/keyboard-690066_1920-1.jpg 1920w\" sizes=\"(max-width: 503px) 100vw, 503px\" \/><\/figure><\/div>\n\n\n\n<table class=\"wp-block-table\"><tbody><tr><td><strong>Liste des prestations Installation Mat\u00e9riels &amp; Logiciels non exhaustive<\/strong><\/td><td>Tarifs HT en \u20ac<\/td><\/tr><tr><td><strong>Si vous n&rsquo;arrivez pas \u00e0 installer votre box<\/strong>, ADSL, CABLE ou FIBRE, MPS vous installe et param\u00e8tre le mat\u00e9riel de votre op\u00e9rateur, ainsi que la configuration compl\u00e8te de l&rsquo;ensemble des appareils en Ethernet et wifi de votre habitation.<\/td><td>70\u20ac<\/td><\/tr><tr><td><strong>Installation compl\u00e8te de Windows ou Linux<\/strong> avec tous les param\u00e9trages n\u00e9cessaires \u00e0 son usage sur le mat\u00e9riel que vous poss\u00e9dez.<\/td><td>110\u20ac<\/td><\/tr><tr><td><strong>Installation et configuration des logiciels libres<\/strong>, ou de logiciels propri\u00e9taires dont vous poss\u00e9dez la licence.<\/td><td>20\u20ac<\/td><\/tr><tr><td><strong>Configuration d&rsquo;ordinateur sur mesure<\/strong>, fixe, portable, tablette ou mobile. MPS recherchera pour vous la configuration et le produit correspondant a vos attentes et vos besoins.<\/td><td>40\u20ac<\/td><\/tr><tr><td>Pour toute autre prestation, merci de prendre contact pour l\u2019\u00e9valuation des travaux n\u00e9cessaires<\/td><td>Sur Devis<\/td><\/tr><\/tbody><\/table>\n\n\n\n<div style=\"height:100px\" aria-hidden=\"true\" class=\"wp-block-spacer\"><\/div>\n\n\n\n<hr class=\"wp-block-separator\"\/>\n\n\n\n<blockquote class=\"wp-block-quote\"><p>Formation<\/p><\/blockquote>\n\n\n\n<div style=\"height:40px\" aria-hidden=\"true\" class=\"wp-block-spacer\"><\/div>\n\n\n\n<div class=\"wp-block-image\"><figure class=\"aligncenter is-resized\"><img loading=\"lazy\" src=\"https:\/\/metis.red\/wp-content\/uploads\/2018\/10\/coffee-1024x614.jpg\" alt=\"\" class=\"wp-image-6\" width=\"503\" height=\"301\" srcset=\"https:\/\/metis.red\/wp-content\/uploads\/2018\/10\/coffee-1024x614.jpg 1024w, https:\/\/metis.red\/wp-content\/uploads\/2018\/10\/coffee-300x180.jpg 300w, https:\/\/metis.red\/wp-content\/uploads\/2018\/10\/coffee-768x461.jpg 768w, https:\/\/metis.red\/wp-content\/uploads\/2018\/10\/coffee.jpg 2000w\" sizes=\"(max-width: 503px) 100vw, 503px\" \/><\/figure><\/div>\n\n\n\n<table class=\"wp-block-table is-style-regular\"><tbody><tr><td><strong>Liste des prestations de Formation non exhaustive<\/strong><\/td><td> Tarifs HT en \u20ac  <\/td><\/tr><tr><td>D\u00e9couvrir et comprendre les bases de l&rsquo;informatique. Comment utiliser un ordinateur en \u00e9tant autonome.<br>Permet de d\u00e9couvrir l&rsquo;informatique avec une approche simple et compr\u00e9hensible par tous. De comprendre son fonctionnement et de mieux se familiariser avec son usage.<\/td><td>40\u20ac\/H sur une base minimale de 1h30.<\/td><\/tr><tr><td>Formation \u00e0 Microsoft OFFICE, EXCHANGE Ainsi qu&rsquo;aux nouvelles offres OFFICE 365.<br>Un devis est n\u00e9cessaire pour estim\u00e9 le niveau de connaissance cibl\u00e9.<\/td><td>80\u20ac\/H<\/td><\/tr><tr><td>Formation \u00e0 l&rsquo;usage d&rsquo;internet avec toutes les cl\u00e9s pour \u00e9viter de se retrouver pi\u00e9ger. Les bonnes pratiques, les outils, et tout ce qui est n\u00e9cessaire pour une navigation sure et efficace. Vous \u00e9vitant ainsi de perdre du temps et plus encore.<\/td><td>60\u20ac\/H<\/td><\/tr><tr><td>Formation \u00e0 la s\u00e9curit\u00e9, devis n\u00e9cessaire pour savoir sur quel domaine vous souhaitez avoir les cl\u00e9s permettant de s\u00e9curiser votre activit\u00e9 num\u00e9rique.<\/td><td>80\u20ac\/H<\/td><\/tr><tr><td>Pour toute autre formation, R\u00e9seau, site web, &#8230;, prenez contact avec nous.<\/td><td>Sur Devis<\/td><\/tr><\/tbody><\/table>\n\n\n\n<div style=\"height:100px\" aria-hidden=\"true\" class=\"wp-block-spacer\"><\/div>\n\n\n\n<hr class=\"wp-block-separator\"\/>\n\n\n\n<div class=\"wp-block-image\"><figure class=\"aligncenter is-resized\"><img loading=\"lazy\" src=\"https:\/\/metis.red\/wp-content\/uploads\/2019\/02\/attention03.jpg\" alt=\"\" class=\"wp-image-365\" width=\"54\" height=\"54\" srcset=\"https:\/\/metis.red\/wp-content\/uploads\/2019\/02\/attention03.jpg 450w, https:\/\/metis.red\/wp-content\/uploads\/2019\/02\/attention03-150x150.jpg 150w, https:\/\/metis.red\/wp-content\/uploads\/2019\/02\/attention03-300x300.jpg 300w, https:\/\/metis.red\/wp-content\/uploads\/2019\/02\/attention03-250x250.jpg 250w, https:\/\/metis.red\/wp-content\/uploads\/2019\/02\/attention03-174x174.jpg 174w\" sizes=\"(max-width: 54px) 100vw, 54px\" \/><\/figure><\/div>\n\n\n\n<p>Tous les tarifs pr\u00e9sent\u00e9s ci-dessus sont applicables aux particuliers. Les tarifs pour les entreprises sont soumis \u00e0 une \u00e9tude de faisabilit\u00e9 pr\u00e9alable, merci de prendre contact avec MPS pour plus de renseignement.<\/p>\n\n\n\n<div style=\"height:100px\" aria-hidden=\"true\" class=\"wp-block-spacer\"><\/div>\n\n\n\n<div class=\"wp-block-button aligncenter\"><a class=\"wp-block-button__link has-background\" href=\"https:\/\/metis.red\/?page_id=440\" style=\"background-color:#5d2503\">Moyens de paiement disponibles<br><\/a><\/div>\n\n\n\n<p style=\"text-align:center\">______________________________________________________________________________<br><\/p>\n\n\n\n<p>Conform\u00e9ment au statut de l&rsquo;entreprise, tous les tarifs affich\u00e9s sont HT. Sans ajout de TVA \u00e0 facturation, car non applicable selon l\u2019art. 293 B du CGI. <\/p>\n","protected":false},"excerpt":{"rendered":"<p>D\u00e9pannage Liste de prestations de D\u00e9pannage non exhaustive Tarifs HT en \u20ac MPS se d\u00e9place chez vous pour r\u00e9soudre tous vos probl\u00e8mes informatiques les plus courants. (d\u00e9pannage, r\u00e9paration, nettoyage de l\u2019ordinateur, installation de logiciels, remplacement (ou ajout) de disque dur (SSD), m\u00e9moire, carte graphique, carte m\u00e8re, processeur, et bien plus&#8230; 60\u20ac\/H (15\u20ac l&rsquo;heure suppl\u00e9mentaire) MPS <a href=\"https:\/\/metis.red\/?page_id=146\" rel=\"nofollow\"><span class=\"sr-only\">En savoir plus surTarifs<\/span>[&hellip;]<\/a><\/p>\n","protected":false},"author":1,"featured_media":0,"parent":0,"menu_order":0,"comment_status":"closed","ping_status":"closed","template":"","meta":[],"_links":{"self":[{"href":"https:\/\/metis.red\/index.php?rest_route=\/wp\/v2\/pages\/146"}],"collection":[{"href":"https:\/\/metis.red\/index.php?rest_route=\/wp\/v2\/pages"}],"about":[{"href":"https:\/\/metis.red\/index.php?rest_route=\/wp\/v2\/types\/page"}],"author":[{"embeddable":true,"href":"https:\/\/metis.red\/index.php?rest_route=\/wp\/v2\/users\/1"}],"replies":[{"embeddable":true,"href":"https:\/\/metis.red\/index.php?rest_route=%2Fwp%2Fv2%2Fcomments&post=146"}],"version-history":[{"count":68,"href":"https:\/\/metis.red\/index.php?rest_route=\/wp\/v2\/pages\/146\/revisions"}],"predecessor-version":[{"id":473,"href":"https:\/\/metis.red\/index.php?rest_route=\/wp\/v2\/pages\/146\/revisions\/473"}],"wp:attachment":[{"href":"https:\/\/metis.red\/index.php?rest_route=%2Fwp%2Fv2%2Fmedia&parent=146"}],"curies":[{"name":"wp","href":"https:\/\/api.w.org\/{rel}","templated":true}]}}